{"id":23,"date":"2018-03-14T13:45:26","date_gmt":"2018-03-14T12:45:26","guid":{"rendered":"https:\/\/ms.tecswag.com\/?page_id=23"},"modified":"2023-03-22T10:52:20","modified_gmt":"2023-03-22T09:52:20","slug":"impressum","status":"publish","type":"page","link":"https:\/\/ms6.at\/en\/impressum\/","title":{"rendered":"Imprint"},"content":{"rendered":"<div data-elementor-type=\"wp-post\" data-elementor-id=\"23\" class=\"elementor elementor-23\" data-elementor-post-type=\"page\">\n\t\t\t\t\t\t<section class=\"elementor-section elementor-top-section elementor-element elementor-element-6706666a elementor-section-height-min-height elementor-section-content-top elementor-section-boxed elementor-section-height-default elementor-section-items-middle\" data-id=\"6706666a\" data-element_type=\"section\" data-settings=\"{&quot;background_background&quot;:&quot;classic&quot;,&quot;sticky&quot;:&quot;top&quot;,&quot;sticky_on&quot;:[&quot;desktop&quot;,&quot;tablet&quot;,&quot;mobile&quot;],&quot;sticky_offset&quot;:0,&quot;sticky_effects_offset&quot;:0,&quot;sticky_anchor_link_offset&quot;:0}\">\n\t\t\t\t\t\t<div class=\"elementor-container elementor-column-gap-default\">\n\t\t\t\t\t<div class=\"elementor-column elementor-col-100 elementor-top-column elementor-element elementor-element-43a46bd7\" data-id=\"43a46bd7\" data-element_type=\"column\" data-settings=\"{&quot;background_background&quot;:&quot;classic&quot;}\">\n\t\t\t<div class=\"elementor-widget-wrap elementor-element-populated\">\n\t\t\t\t\t\t<section class=\"elementor-section elementor-inner-section elementor-element elementor-element-76da8228 animated-slow elementor-section-boxed elementor-section-height-default elementor-section-height-default elementor-invisible\" data-id=\"76da8228\" data-element_type=\"section\" data-settings=\"{&quot;background_background&quot;:&quot;classic&quot;,&quot;animation&quot;:&quot;fadeIn&quot;,&quot;animation_delay&quot;:1000}\">\n\t\t\t\t\t\t<div class=\"elementor-container elementor-column-gap-default\">\n\t\t\t\t\t<div class=\"elementor-column elementor-col-100 elementor-inner-column elementor-element elementor-element-362e2b8d\" data-id=\"362e2b8d\" data-element_type=\"column\" data-settings=\"{&quot;background_background&quot;:&quot;classic&quot;}\">\n\t\t\t<div class=\"elementor-widget-wrap elementor-element-populated\">\n\t\t\t\t\t<div class=\"elementor-background-overlay\"><\/div>\n\t\t\t\t\t\t<div class=\"elementor-element elementor-element-71bd135d elementor-widget elementor-widget-heading\" data-id=\"71bd135d\" data-element_type=\"widget\" data-widget_type=\"heading.default\">\n\t\t\t\t\t<h1 class=\"elementor-heading-title elementor-size-default\">Imprint<\/h1>\t\t\t\t<\/div>\n\t\t\t\t\t<\/div>\n\t\t<\/div>\n\t\t\t\t\t<\/div>\n\t\t<\/section>\n\t\t\t\t\t<\/div>\n\t\t<\/div>\n\t\t\t\t\t<\/div>\n\t\t<\/section>\n\t\t\t\t<section class=\"elementor-section elementor-top-section elementor-element elementor-element-5191b73 elementor-section-boxed elementor-section-height-default elementor-section-height-default\" data-id=\"5191b73\" data-element_type=\"section\" data-settings=\"{&quot;background_background&quot;:&quot;classic&quot;}\">\n\t\t\t\t\t\t<div class=\"elementor-container elementor-column-gap-default\">\n\t\t\t\t\t<div class=\"elementor-column elementor-col-100 elementor-top-column elementor-element elementor-element-7431b50b\" data-id=\"7431b50b\" data-element_type=\"column\">\n\t\t\t<div class=\"elementor-widget-wrap elementor-element-populated\">\n\t\t\t\t\t\t<section class=\"elementor-section elementor-inner-section elementor-element elementor-element-7a628599 elementor-section-boxed elementor-section-height-default elementor-section-height-default\" data-id=\"7a628599\" data-element_type=\"section\" data-settings=\"{&quot;background_background&quot;:&quot;classic&quot;}\">\n\t\t\t\t\t\t<div class=\"elementor-container elementor-column-gap-default\">\n\t\t\t\t\t<div class=\"elementor-column elementor-col-100 elementor-inner-column elementor-element elementor-element-482bd1e8\" data-id=\"482bd1e8\" data-element_type=\"column\" data-settings=\"{&quot;background_background&quot;:&quot;classic&quot;}\">\n\t\t\t<div class=\"elementor-widget-wrap elementor-element-populated\">\n\t\t\t\t\t\t<div class=\"elementor-element elementor-element-5b876079 elementor-widget elementor-widget-text-editor\" data-id=\"5b876079\" data-element_type=\"widget\" data-widget_type=\"text-editor.default\">\n\t\t\t\t\t\t\t\t\t<p class=\"bodytext\"><b>MS6 Reisegesellschaft mbH<\/b><br \/>Mie\u00dftaler Stra\u00dfe 14<br \/>9020 Klagenfurt am W\u00f6rthersee<\/p><p class=\"bodytext\">AUSTRIA<br \/>Tel.: +43 (0)463\/57920<br \/>Fax: +43 (0)463\/57920-DW 4<br \/>info@ms6.at<br \/><a href=\"https:\/\/ms6.at\/en\/\">www.ms6.at<\/a><\/p><p class=\"bodytext\">Company registration number: FN140876x<\/p><p class=\"bodytext\">Company court: LG Klagenfurt<\/p><p class=\"bodytext\">UID-Nr. ATU40832408<\/p><p class=\"bodytext\">Regulatory authority: Magistrate of Klagenfurt<\/p><p class=\"bodytext\">Member of the Carinthian Chamber of Commerce<\/p><p class=\"bodytext\">Tourism and Leisure Industry Division Travel Agencies Division<\/p><p class=\"bodytext\">Travel agency trade authorisation granted in Austria<\/p><p class=\"bodytext\">Travel agencies are subject to the following legislation:<\/p><p class=\"bodytext\">- Trade regulations 1994, in particular \u00a7 94 Z 56 and \u00a7 126: see <a href=\"http:\/\/www.ris.bka.gv.at\/GeltendeFassung.wxe?Abfrage=Bundesnormen&amp;Gesetzesnummer=10007517\"><br>http:\/\/www.ris.bka.gv.at\/GeltendeFassung.wxe?Abfrage=Bundesnormen&amp;Gesetzesnummer=10007517<\/a> \u00a0<\/p><p class=\"bodytext\">- Operating regulations for the travel agency industry: <a href=\"http:\/\/www.ris.bka.gv.at\/GeltendeFassung.wxe?Abfrage=Bundesnormen&amp;Gesetzesnummer=10008014\">http:\/\/www.ris.bka.gv.at\/GeltendeFassung.wxe?Abfrage=Bundesnormen&amp;Gesetzesnummer=10008014<\/a><\/p><p class=\"bodytext\">- Travel Agency Regulation: <a href=\"http:\/\/www.ris.bka.gv.at\/GeltendeFassung.wxe?Abfrage=Bundesnormen&amp;Gesetzesnummer=20002480\">http:\/\/www.ris.bka.gv.at\/GeltendeFassung.wxe?Abfrage=Bundesnormen&amp;Gesetzesnummer=20002480<\/a> \u00a0<\/p><p class=\"bodytext\">- Travel Agency Security Ordinance: <a href=\"http:\/\/www.ris.bka.gv.at\/GeltendeFassung.wxe?Abfrage=Bundesnormen&amp;Gesetzesnummer=20000007\">http:\/\/www.ris.bka.gv.at\/GeltendeFassung.wxe?Abfrage=Bundesnormen&amp;Gesetzesnummer=20000007<\/a> \u00a0<\/p><p class=\"bodytext\">- Consumer Protection Act, in particular \u00a7\u00a7 31b to 31f: <a href=\"http:\/\/www.ris.bka.gv.at\/GeltendeFassung.wxe?Abfrage=Bundesnormen&amp;Gesetzesnummer=10002462\">http:\/\/www.ris.bka.gv.at\/GeltendeFassung.wxe?Abfrage=Bundesnormen&amp;Gesetzesnummer=10002462<\/a> \u00a0\u00a0<\/p><p class=\"bodytext\"><b>Managing Director:<\/b> Michael Springer<\/p><p><b>Responsible for Content:<\/b> Michaela Springer<\/p><p><b>Concept and Design:<\/b>\u00a0<a style=\"background-color: #ffffff;\" href=\"http:\/\/aeonic.cc\" target=\"_blank\" rel=\"noopener\">Concept and Design:<\/a><\/p><p><b>Copyright:<\/b><br \/>The text contributions and illustrations contained in the website are protected by copyright. The copyright lies with MS6 Travel &amp; Music GesmbH or the photographers (Manfred Bockelmann, Gregor Hohenberg, TUI Cruises). All parts of the website are subject to copyright and are protected by copyright as a collection of data. Any use requires the written consent of the copyright holder.<\/p><p class=\"bodytext\"><b>Disclaimer:<\/b><br \/>Despite careful content control, we assume no liability for the content of external links. The operators of the linked pages are solely responsible for their content.<\/p>\t\t\t\t\t\t\t\t<\/div>\n\t\t\t\t<div class=\"elementor-element elementor-element-de73313 elementor-widget elementor-widget-image\" data-id=\"de73313\" data-element_type=\"widget\" data-widget_type=\"image.default\">\n\t\t\t\t\t\t\t\t\t\t\t\t\t\t\t<img fetchpriority=\"high\" decoding=\"async\" width=\"300\" height=\"300\" src=\"https:\/\/ms6.at\/wp-content\/uploads\/2018\/06\/TVA_Plakette_Insolvenzabsicherung_Rahmen_202245-300x300.jpg\" class=\"attachment-medium size-medium wp-image-5143\" alt=\"\" srcset=\"\" sizes=\"(max-width: 300px) 100vw, 300px\" data-srcset=\"\" \/>\t\t\t\t\t\t\t\t\t\t\t\t\t\t\t<\/div>\n\t\t\t\t\t<\/div>\n\t\t<\/div>\n\t\t\t\t\t<\/div>\n\t\t<\/section>\n\t\t\t\t\t<\/div>\n\t\t<\/div>\n\t\t\t\t\t<\/div>\n\t\t<\/section>\n\t\t\t\t<section class=\"elementor-section elementor-top-section elementor-element elementor-element-98993c2 elementor-section-boxed elementor-section-height-default elementor-section-height-default\" data-id=\"98993c2\" data-element_type=\"section\" data-settings=\"{&quot;background_background&quot;:&quot;classic&quot;}\">\n\t\t\t\t\t\t<div class=\"elementor-container elementor-column-gap-default\">\n\t\t\t\t\t<div class=\"elementor-column elementor-col-100 elementor-top-column elementor-element elementor-element-9c7df3e\" data-id=\"9c7df3e\" data-element_type=\"column\">\n\t\t\t<div class=\"elementor-widget-wrap elementor-element-populated\">\n\t\t\t\t\t\t<div class=\"elementor-element elementor-element-1cafdd5 elementor-widget elementor-widget-heading\" data-id=\"1cafdd5\" data-element_type=\"widget\" data-widget_type=\"heading.default\">\n\t\t\t\t\t<h2 class=\"elementor-heading-title elementor-size-default\">TERMS AND CONDITIONS<\/h2>\t\t\t\t<\/div>\n\t\t\t\t\t<\/div>\n\t\t<\/div>\n\t\t\t\t\t<\/div>\n\t\t<\/section>\n\t\t\t\t<section class=\"elementor-section elementor-top-section elementor-element elementor-element-c5d6219 elementor-section-height-min-height elementor-section-boxed elementor-section-height-default elementor-section-items-middle\" data-id=\"c5d6219\" data-element_type=\"section\" data-settings=\"{&quot;background_background&quot;:&quot;classic&quot;}\">\n\t\t\t\t\t\t<div class=\"elementor-container elementor-column-gap-default\">\n\t\t\t\t\t<div class=\"elementor-column elementor-col-100 elementor-top-column elementor-element elementor-element-70c1564\" data-id=\"70c1564\" data-element_type=\"column\">\n\t\t\t<div class=\"elementor-widget-wrap elementor-element-populated\">\n\t\t\t\t\t\t<div class=\"elementor-element elementor-element-93aead2 elementor-align-center elementor-widget elementor-widget-button\" data-id=\"93aead2\" data-element_type=\"widget\" data-widget_type=\"button.default\">\n\t\t\t\t\t\t\t\t\t\t<a class=\"elementor-button elementor-button-link elementor-size-sm\" href=\"https:\/\/ms6.at\/wp-content\/uploads\/2023\/03\/ARB-der-MS6-Reisegesellschaft_2023_Feb.pdf\">\n\t\t\t\t\t\t<span class=\"elementor-button-content-wrapper\">\n\t\t\t\t\t\t\t\t\t<span class=\"elementor-button-text\">DOWNLOAD TERMS AND CONDITIONS<\/span>\n\t\t\t\t\t<\/span>\n\t\t\t\t\t<\/a>\n\t\t\t\t\t\t\t\t<\/div>\n\t\t\t\t\t<\/div>\n\t\t<\/div>\n\t\t\t\t\t<\/div>\n\t\t<\/section>\n\t\t\t\t<\/div>","protected":false},"excerpt":{"rendered":"<p>Impressum MS6 Reisegesellschaft mbHMie\u00dftaler Stra\u00dfe 149020 Klagenfurt am W\u00f6rthersee \u00d6sterreichTel.: +43 (0)463\/57920Fax: +43 (0)463\/57920-DW 4Email: info@ms6.atwww.ms6.at Firmenbuchnummer: FN140876x Firmengericht: LG Klagenfurt UID-Nr. ATU40832408 Aufsichtsbeh\u00f6rde: Magistrat Klagenfurt Mitglied der Wirtschaftskammer\u00a0K\u00e4rnten Sparte Tourismus- und Freizeitwirtschaft Fachgruppe Reiseb\u00fcros Reiseb\u00fcrogewerbe Berechtigung verliehen in \u00d6sterreich F\u00fcr Reiseb\u00fcros gelten folgende Rechtsvorschriften: \u2022 Gewerbeordnung 1994, insbesondere \u00a7 94 Z 56 und \u00a7 [&hellip;]<\/p>","protected":false},"author":3,"featured_media":0,"parent":0,"menu_order":0,"comment_status":"closed","ping_status":"closed","template":"","meta":{"_uf_show_specific_survey":0,"_uf_disable_surveys":false,"footnotes":""},"class_list":["post-23","page","type-page","status-publish","hentry"],"yoast_head":"<!-- This site is optimized with the Yoast SEO plugin v26.1 - https:\/\/yoast.com\/wordpress\/plugins\/seo\/ -->\n<title>Impressum - MS6<\/title>\n<meta name=\"robots\" content=\"index, follow, max-snippet:-1, max-image-preview:large, max-video-preview:-1\" \/>\n<link rel=\"canonical\" href=\"https:\/\/ms6.at\/en\/impressum\/\" \/>\n<meta property=\"og:locale\" content=\"en_US\" \/>\n<meta property=\"og:type\" content=\"article\" \/>\n<meta property=\"og:title\" content=\"Impressum - MS6\" \/>\n<meta property=\"og:description\" content=\"Impressum MS6 Reisegesellschaft mbHMie\u00dftaler Stra\u00dfe 149020 Klagenfurt am W\u00f6rthersee \u00d6sterreichTel.: +43 (0)463\/57920Fax: +43 (0)463\/57920-DW 4Email: info@ms6.atwww.ms6.at Firmenbuchnummer: FN140876x Firmengericht: LG Klagenfurt UID-Nr. ATU40832408 Aufsichtsbeh\u00f6rde: Magistrat Klagenfurt Mitglied der Wirtschaftskammer\u00a0K\u00e4rnten Sparte Tourismus- und Freizeitwirtschaft Fachgruppe Reiseb\u00fcros Reiseb\u00fcrogewerbe Berechtigung verliehen in \u00d6sterreich F\u00fcr Reiseb\u00fcros gelten folgende Rechtsvorschriften: \u2022 Gewerbeordnung 1994, insbesondere \u00a7 94 Z 56 und \u00a7 [&hellip;]\" \/>\n<meta property=\"og:url\" content=\"https:\/\/ms6.at\/en\/impressum\/\" \/>\n<meta property=\"og:site_name\" content=\"MS6\" \/>\n<meta property=\"article:publisher\" content=\"https:\/\/www.facebook.com\/ms6travelandmusic\/\" \/>\n<meta property=\"article:modified_time\" content=\"2023-03-22T09:52:20+00:00\" \/>\n<meta property=\"og:image\" content=\"https:\/\/ms6.at\/wp-content\/uploads\/2018\/06\/TVA_Plakette_Insolvenzabsicherung_Rahmen_202245-300x300.jpg\" \/>\n<meta name=\"twitter:card\" content=\"summary_large_image\" \/>\n<meta name=\"twitter:label1\" content=\"Est. reading time\" \/>\n\t<meta name=\"twitter:data1\" content=\"1 minute\" \/>\n<script type=\"application\/ld+json\" class=\"yoast-schema-graph\">{\"@context\":\"https:\/\/schema.org\",\"@graph\":[{\"@type\":\"WebPage\",\"@id\":\"https:\/\/ms6.at\/impressum\/\",\"url\":\"https:\/\/ms6.at\/impressum\/\",\"name\":\"Impressum - MS6\",\"isPartOf\":{\"@id\":\"https:\/\/ms6.at\/#website\"},\"primaryImageOfPage\":{\"@id\":\"https:\/\/ms6.at\/impressum\/#primaryimage\"},\"image\":{\"@id\":\"https:\/\/ms6.at\/impressum\/#primaryimage\"},\"thumbnailUrl\":\"https:\/\/ms6.at\/wp-content\/uploads\/2018\/06\/TVA_Plakette_Insolvenzabsicherung_Rahmen_202245-300x300.jpg\",\"datePublished\":\"2018-03-14T12:45:26+00:00\",\"dateModified\":\"2023-03-22T09:52:20+00:00\",\"breadcrumb\":{\"@id\":\"https:\/\/ms6.at\/impressum\/#breadcrumb\"},\"inLanguage\":\"en-US\",\"potentialAction\":[{\"@type\":\"ReadAction\",\"target\":[\"https:\/\/ms6.at\/impressum\/\"]}]},{\"@type\":\"ImageObject\",\"inLanguage\":\"en-US\",\"@id\":\"https:\/\/ms6.at\/impressum\/#primaryimage\",\"url\":\"https:\/\/ms6.at\/wp-content\/uploads\/2018\/06\/TVA_Plakette_Insolvenzabsicherung_Rahmen_202245-300x300.jpg\",\"contentUrl\":\"https:\/\/ms6.at\/wp-content\/uploads\/2018\/06\/TVA_Plakette_Insolvenzabsicherung_Rahmen_202245-300x300.jpg\"},{\"@type\":\"BreadcrumbList\",\"@id\":\"https:\/\/ms6.at\/impressum\/#breadcrumb\",\"itemListElement\":[{\"@type\":\"ListItem\",\"position\":1,\"name\":\"Home\",\"item\":\"https:\/\/ms6.at\/\"},{\"@type\":\"ListItem\",\"position\":2,\"name\":\"Impressum\"}]},{\"@type\":\"WebSite\",\"@id\":\"https:\/\/ms6.at\/#website\",\"url\":\"https:\/\/ms6.at\/\",\"name\":\"MS6\",\"description\":\"Travel and Music\",\"publisher\":{\"@id\":\"https:\/\/ms6.at\/#organization\"},\"potentialAction\":[{\"@type\":\"SearchAction\",\"target\":{\"@type\":\"EntryPoint\",\"urlTemplate\":\"https:\/\/ms6.at\/?s={search_term_string}\"},\"query-input\":{\"@type\":\"PropertyValueSpecification\",\"valueRequired\":true,\"valueName\":\"search_term_string\"}}],\"inLanguage\":\"en-US\"},{\"@type\":\"Organization\",\"@id\":\"https:\/\/ms6.at\/#organization\",\"name\":\"MS6 Travel & Music\",\"url\":\"https:\/\/ms6.at\/\",\"logo\":{\"@type\":\"ImageObject\",\"inLanguage\":\"en-US\",\"@id\":\"https:\/\/ms6.at\/#\/schema\/logo\/image\/\",\"url\":\"https:\/\/ms6.at\/wp-content\/uploads\/2018\/05\/MS6-Travel-and-Music-Logo1x.png\",\"contentUrl\":\"https:\/\/ms6.at\/wp-content\/uploads\/2018\/05\/MS6-Travel-and-Music-Logo1x.png\",\"width\":625,\"height\":275,\"caption\":\"MS6 Travel & Music\"},\"image\":{\"@id\":\"https:\/\/ms6.at\/#\/schema\/logo\/image\/\"},\"sameAs\":[\"https:\/\/www.facebook.com\/ms6travelandmusic\/\",\"https:\/\/www.youtube.com\/channel\/UCzpuB2hZ_wFoQnu7vIzFGwA\"]}]}<\/script>\n<!-- \/ Yoast SEO plugin. -->","yoast_head_json":{"title":"Impressum - MS6","robots":{"index":"index","follow":"follow","max-snippet":"max-snippet:-1","max-image-preview":"max-image-preview:large","max-video-preview":"max-video-preview:-1"},"canonical":"https:\/\/ms6.at\/en\/impressum\/","og_locale":"en_US","og_type":"article","og_title":"Impressum - MS6","og_description":"Impressum MS6 Reisegesellschaft mbHMie\u00dftaler Stra\u00dfe 149020 Klagenfurt am W\u00f6rthersee \u00d6sterreichTel.: +43 (0)463\/57920Fax: +43 (0)463\/57920-DW 4Email: info@ms6.atwww.ms6.at Firmenbuchnummer: FN140876x Firmengericht: LG Klagenfurt UID-Nr. ATU40832408 Aufsichtsbeh\u00f6rde: Magistrat Klagenfurt Mitglied der Wirtschaftskammer\u00a0K\u00e4rnten Sparte Tourismus- und Freizeitwirtschaft Fachgruppe Reiseb\u00fcros Reiseb\u00fcrogewerbe Berechtigung verliehen in \u00d6sterreich F\u00fcr Reiseb\u00fcros gelten folgende Rechtsvorschriften: \u2022 Gewerbeordnung 1994, insbesondere \u00a7 94 Z 56 und \u00a7 [&hellip;]","og_url":"https:\/\/ms6.at\/en\/impressum\/","og_site_name":"MS6","article_publisher":"https:\/\/www.facebook.com\/ms6travelandmusic\/","article_modified_time":"2023-03-22T09:52:20+00:00","og_image":[{"url":"https:\/\/ms6.at\/wp-content\/uploads\/2018\/06\/TVA_Plakette_Insolvenzabsicherung_Rahmen_202245-300x300.jpg","type":"","width":"","height":""}],"twitter_card":"summary_large_image","twitter_misc":{"Est. reading time":"1 minute"},"schema":{"@context":"https:\/\/schema.org","@graph":[{"@type":"WebPage","@id":"https:\/\/ms6.at\/impressum\/","url":"https:\/\/ms6.at\/impressum\/","name":"Impressum - MS6","isPartOf":{"@id":"https:\/\/ms6.at\/#website"},"primaryImageOfPage":{"@id":"https:\/\/ms6.at\/impressum\/#primaryimage"},"image":{"@id":"https:\/\/ms6.at\/impressum\/#primaryimage"},"thumbnailUrl":"https:\/\/ms6.at\/wp-content\/uploads\/2018\/06\/TVA_Plakette_Insolvenzabsicherung_Rahmen_202245-300x300.jpg","datePublished":"2018-03-14T12:45:26+00:00","dateModified":"2023-03-22T09:52:20+00:00","breadcrumb":{"@id":"https:\/\/ms6.at\/impressum\/#breadcrumb"},"inLanguage":"en-US","potentialAction":[{"@type":"ReadAction","target":["https:\/\/ms6.at\/impressum\/"]}]},{"@type":"ImageObject","inLanguage":"en-US","@id":"https:\/\/ms6.at\/impressum\/#primaryimage","url":"https:\/\/ms6.at\/wp-content\/uploads\/2018\/06\/TVA_Plakette_Insolvenzabsicherung_Rahmen_202245-300x300.jpg","contentUrl":"https:\/\/ms6.at\/wp-content\/uploads\/2018\/06\/TVA_Plakette_Insolvenzabsicherung_Rahmen_202245-300x300.jpg"},{"@type":"BreadcrumbList","@id":"https:\/\/ms6.at\/impressum\/#breadcrumb","itemListElement":[{"@type":"ListItem","position":1,"name":"Home","item":"https:\/\/ms6.at\/"},{"@type":"ListItem","position":2,"name":"Impressum"}]},{"@type":"WebSite","@id":"https:\/\/ms6.at\/#website","url":"https:\/\/ms6.at\/","name":"MS6","description":"Travel and Music","publisher":{"@id":"https:\/\/ms6.at\/#organization"},"potentialAction":[{"@type":"SearchAction","target":{"@type":"EntryPoint","urlTemplate":"https:\/\/ms6.at\/?s={search_term_string}"},"query-input":{"@type":"PropertyValueSpecification","valueRequired":true,"valueName":"search_term_string"}}],"inLanguage":"en-US"},{"@type":"Organization","@id":"https:\/\/ms6.at\/#organization","name":"MS6 Travel & Music","url":"https:\/\/ms6.at\/","logo":{"@type":"ImageObject","inLanguage":"en-US","@id":"https:\/\/ms6.at\/#\/schema\/logo\/image\/","url":"https:\/\/ms6.at\/wp-content\/uploads\/2018\/05\/MS6-Travel-and-Music-Logo1x.png","contentUrl":"https:\/\/ms6.at\/wp-content\/uploads\/2018\/05\/MS6-Travel-and-Music-Logo1x.png","width":625,"height":275,"caption":"MS6 Travel & Music"},"image":{"@id":"https:\/\/ms6.at\/#\/schema\/logo\/image\/"},"sameAs":["https:\/\/www.facebook.com\/ms6travelandmusic\/","https:\/\/www.youtube.com\/channel\/UCzpuB2hZ_wFoQnu7vIzFGwA"]}]}},"_links":{"self":[{"href":"https:\/\/ms6.at\/en\/wp-json\/wp\/v2\/pages\/23","targetHints":{"allow":["GET"]}}],"collection":[{"href":"https:\/\/ms6.at\/en\/wp-json\/wp\/v2\/pages"}],"about":[{"href":"https:\/\/ms6.at\/en\/wp-json\/wp\/v2\/types\/page"}],"author":[{"embeddable":true,"href":"https:\/\/ms6.at\/en\/wp-json\/wp\/v2\/users\/3"}],"replies":[{"embeddable":true,"href":"https:\/\/ms6.at\/en\/wp-json\/wp\/v2\/comments?post=23"}],"version-history":[{"count":0,"href":"https:\/\/ms6.at\/en\/wp-json\/wp\/v2\/pages\/23\/revisions"}],"wp:attachment":[{"href":"https:\/\/ms6.at\/en\/wp-json\/wp\/v2\/media?parent=23"}],"curies":[{"name":"wp","href":"https:\/\/api.w.org\/{rel}","templated":true}]}}