{"id":19,"date":"2018-03-14T13:44:29","date_gmt":"2018-03-14T12:44:29","guid":{"rendered":"https:\/\/ms.tecswag.com\/?page_id=19"},"modified":"2024-02-12T15:53:00","modified_gmt":"2024-02-12T14:53:00","slug":"kontakt","status":"publish","type":"page","link":"https:\/\/ms6.at\/en\/kontakt\/","title":{"rendered":"Contact"},"content":{"rendered":"<div data-elementor-type=\"wp-post\" data-elementor-id=\"19\" class=\"elementor elementor-19\" data-elementor-post-type=\"page\">\n\t\t\t\t\t\t<section class=\"elementor-section elementor-top-section elementor-element elementor-element-3c80b8a elementor-section-height-full elementor-section-boxed elementor-section-height-default elementor-section-items-middle\" data-id=\"3c80b8a\" data-element_type=\"section\" data-settings=\"{&quot;background_background&quot;:&quot;classic&quot;}\">\n\t\t\t\t\t\t\t<div class=\"elementor-background-overlay\"><\/div>\n\t\t\t\t\t\t\t<div class=\"elementor-container elementor-column-gap-default\">\n\t\t\t\t\t<div class=\"elementor-column elementor-col-100 elementor-top-column elementor-element elementor-element-34d373ba\" data-id=\"34d373ba\" data-element_type=\"column\" data-settings=\"{&quot;background_background&quot;:&quot;classic&quot;}\">\n\t\t\t<div class=\"elementor-widget-wrap elementor-element-populated\">\n\t\t\t\t\t\t<div class=\"elementor-element elementor-element-ddf365e elementor-widget elementor-widget-heading\" data-id=\"ddf365e\" data-element_type=\"widget\" data-widget_type=\"heading.default\">\n\t\t\t\t\t<h1 class=\"elementor-heading-title elementor-size-default\">YOU CAN REACH US<\/h1>\t\t\t\t<\/div>\n\t\t\t\t<section class=\"elementor-section elementor-inner-section elementor-element elementor-element-7b65e994 elementor-section-boxed elementor-section-height-default elementor-section-height-default\" data-id=\"7b65e994\" data-element_type=\"section\">\n\t\t\t\t\t\t<div class=\"elementor-container elementor-column-gap-default\">\n\t\t\t\t\t<div class=\"elementor-column elementor-col-33 elementor-inner-column elementor-element elementor-element-67690cd3\" data-id=\"67690cd3\" data-element_type=\"column\">\n\t\t\t<div class=\"elementor-widget-wrap elementor-element-populated\">\n\t\t\t\t\t\t<div class=\"elementor-element elementor-element-1777662c elementor-view-default elementor-position-top elementor-mobile-position-top elementor-widget elementor-widget-icon-box\" data-id=\"1777662c\" data-element_type=\"widget\" data-widget_type=\"icon-box.default\">\n\t\t\t\t\t\t\t<div class=\"elementor-icon-box-wrapper\">\n\n\t\t\t\t\t\t<div class=\"elementor-icon-box-icon\">\n\t\t\t\t<a href=\"tel:+4346357920\" class=\"elementor-icon\" tabindex=\"-1\" aria-label=\"BY PHONE&lt;br&gt;+43 463 57920\">\n\t\t\t\t<svg aria-hidden=\"true\" class=\"e-font-icon-svg e-fas-phone-alt\" viewbox=\"0 0 512 512\" xmlns=\"http:\/\/www.w3.org\/2000\/svg\"><path d=\"M497.39 361.8l-112-48a24 24 0 0 0-28 6.9l-49.6 60.6A370.66 370.66 0 0 1 130.6 204.11l60.6-49.6a23.94 23.94 0 0 0 6.9-28l-48-112A24.16 24.16 0 0 0 122.6.61l-104 24A24 24 0 0 0 0 48c0 256.5 207.9 464 464 464a24 24 0 0 0 23.4-18.6l24-104a24.29 24.29 0 0 0-14.01-27.6z\"><\/path><\/svg>\t\t\t\t<\/a>\n\t\t\t<\/div>\n\t\t\t\n\t\t\t\t\t\t<div class=\"elementor-icon-box-content\">\n\n\t\t\t\t\t\t\t\t\t<h3 class=\"elementor-icon-box-title\">\n\t\t\t\t\t\t<a href=\"tel:+4346357920\" >\n\t\t\t\t\t\t\tBY PHONE<br>+43 463 57920\t\t\t\t\t\t<\/a>\n\t\t\t\t\t<\/h3>\n\t\t\t\t\n\t\t\t\t\t\t\t\t\t<p class=\"elementor-icon-box-description\">\n\t\t\t\t\t\tMo - Do 08:30 - 16:30<br>\nFr 08:30 - 13:00<br>\t\t\t\t\t<\/p>\n\t\t\t\t\n\t\t\t<\/div>\n\t\t\t\n\t\t<\/div>\n\t\t\t\t\t\t<\/div>\n\t\t\t\t\t<\/div>\n\t\t<\/div>\n\t\t\t\t<div class=\"elementor-column elementor-col-33 elementor-inner-column elementor-element elementor-element-529673f9\" data-id=\"529673f9\" data-element_type=\"column\">\n\t\t\t<div class=\"elementor-widget-wrap elementor-element-populated\">\n\t\t\t\t\t\t<div class=\"elementor-element elementor-element-3b882d0d elementor-view-default elementor-position-top elementor-mobile-position-top elementor-widget elementor-widget-icon-box\" data-id=\"3b882d0d\" data-element_type=\"widget\" data-widget_type=\"icon-box.default\">\n\t\t\t\t\t\t\t<div class=\"elementor-icon-box-wrapper\">\n\n\t\t\t\t\t\t<div class=\"elementor-icon-box-icon\">\n\t\t\t\t<a href=\"#form\" class=\"elementor-icon\" tabindex=\"-1\" aria-label=\"VIA OUR &lt;br&gt; ONLINE FORM\">\n\t\t\t\t<svg aria-hidden=\"true\" class=\"e-font-icon-svg e-fab-wpforms\" viewbox=\"0 0 448 512\" xmlns=\"http:\/\/www.w3.org\/2000\/svg\"><path d=\"M448 75.2v361.7c0 24.3-19 43.2-43.2 43.2H43.2C19.3 480 0 461.4 0 436.8V75.2C0 51.1 18.8 32 43.2 32h361.7c24 0 43.1 18.8 43.1 43.2zm-37.3 361.6V75.2c0-3-2.6-5.8-5.8-5.8h-9.3L285.3 144 224 94.1 162.8 144 52.5 69.3h-9.3c-3.2 0-5.8 2.8-5.8 5.8v361.7c0 3 2.6 5.8 5.8 5.8h361.7c3.2.1 5.8-2.7 5.8-5.8zM150.2 186v37H76.7v-37h73.5zm0 74.4v37.3H76.7v-37.3h73.5zm11.1-147.3l54-43.7H96.8l64.5 43.7zm210 72.9v37h-196v-37h196zm0 74.4v37.3h-196v-37.3h196zm-84.6-147.3l64.5-43.7H232.8l53.9 43.7zM371.3 335v37.3h-99.4V335h99.4z\"><\/path><\/svg>\t\t\t\t<\/a>\n\t\t\t<\/div>\n\t\t\t\n\t\t\t\t\t\t<div class=\"elementor-icon-box-content\">\n\n\t\t\t\t\t\t\t\t\t<h3 class=\"elementor-icon-box-title\">\n\t\t\t\t\t\t<a href=\"#form\" >\n\t\t\t\t\t\t\tVIA OUR <br> ONLINE FORM\t\t\t\t\t\t<\/a>\n\t\t\t\t\t<\/h3>\n\t\t\t\t\n\t\t\t\t\t\t\t\t\t<p class=\"elementor-icon-box-description\">\n\t\t\t\t\t\tWe are happy to call you back.\t\t\t\t\t<\/p>\n\t\t\t\t\n\t\t\t<\/div>\n\t\t\t\n\t\t<\/div>\n\t\t\t\t\t\t<\/div>\n\t\t\t\t\t<\/div>\n\t\t<\/div>\n\t\t\t\t<div class=\"elementor-column elementor-col-33 elementor-inner-column elementor-element elementor-element-84ba094\" data-id=\"84ba094\" data-element_type=\"column\">\n\t\t\t<div class=\"elementor-widget-wrap elementor-element-populated\">\n\t\t\t\t\t\t<div class=\"elementor-element elementor-element-bd03654 elementor-view-default elementor-position-top elementor-mobile-position-top elementor-widget elementor-widget-icon-box\" data-id=\"bd03654\" data-element_type=\"widget\" data-widget_type=\"icon-box.default\">\n\t\t\t\t\t\t\t<div class=\"elementor-icon-box-wrapper\">\n\n\t\t\t\t\t\t<div class=\"elementor-icon-box-icon\">\n\t\t\t\t<a href=\"mailto:%20info@ms6.at\" class=\"elementor-icon\" tabindex=\"-1\" aria-label=\"VIA E-MAIL&lt;br&gt;info@ms6.at\">\n\t\t\t\t<svg aria-hidden=\"true\" class=\"e-font-icon-svg e-fas-mail-bulk\" viewbox=\"0 0 576 512\" xmlns=\"http:\/\/www.w3.org\/2000\/svg\"><path d=\"M160 448c-25.6 0-51.2-22.4-64-32-64-44.8-83.2-60.8-96-70.4V480c0 17.67 14.33 32 32 32h256c17.67 0 32-14.33 32-32V345.6c-12.8 9.6-32 25.6-96 70.4-12.8 9.6-38.4 32-64 32zm128-192H32c-17.67 0-32 14.33-32 32v16c25.6 19.2 22.4 19.2 115.2 86.4 9.6 6.4 28.8 25.6 44.8 25.6s35.2-19.2 44.8-22.4c92.8-67.2 89.6-67.2 115.2-86.4V288c0-17.67-14.33-32-32-32zm256-96H224c-17.67 0-32 14.33-32 32v32h96c33.21 0 60.59 25.42 63.71 57.82l.29-.22V416h192c17.67 0 32-14.33 32-32V192c0-17.67-14.33-32-32-32zm-32 128h-64v-64h64v64zm-352-96c0-35.29 28.71-64 64-64h224V32c0-17.67-14.33-32-32-32H96C78.33 0 64 14.33 64 32v192h96v-32z\"><\/path><\/svg>\t\t\t\t<\/a>\n\t\t\t<\/div>\n\t\t\t\n\t\t\t\t\t\t<div class=\"elementor-icon-box-content\">\n\n\t\t\t\t\t\t\t\t\t<h3 class=\"elementor-icon-box-title\">\n\t\t\t\t\t\t<a href=\"mailto:%20info@ms6.at\" >\n\t\t\t\t\t\t\tVIA E-MAIL<br>info@ms6.at\n\t\t\t\t\t\t<\/a>\n\t\t\t\t\t<\/h3>\n\t\t\t\t\n\t\t\t\t\t\t\t\t\t<p class=\"elementor-icon-box-description\">\n\t\t\t\t\t\tWe aim to get back to you within one working day.\t\t\t\t\t<\/p>\n\t\t\t\t\n\t\t\t<\/div>\n\t\t\t\n\t\t<\/div>\n\t\t\t\t\t\t<\/div>\n\t\t\t\t\t<\/div>\n\t\t<\/div>\n\t\t\t\t\t<\/div>\n\t\t<\/section>\n\t\t\t\t\t<\/div>\n\t\t<\/div>\n\t\t\t\t\t<\/div>\n\t\t<\/section>\n\t\t\t\t<section class=\"elementor-section elementor-top-section elementor-element elementor-element-3297cd1a elementor-section-boxed elementor-section-height-default elementor-section-height-default\" data-id=\"3297cd1a\" data-element_type=\"section\" data-settings=\"{&quot;background_background&quot;:&quot;classic&quot;}\">\n\t\t\t\t\t\t\t<div class=\"elementor-background-overlay\"><\/div>\n\t\t\t\t\t\t\t<div class=\"elementor-container elementor-column-gap-default\">\n\t\t\t\t\t<div class=\"elementor-column elementor-col-100 elementor-top-column elementor-element elementor-element-209d7282\" data-id=\"209d7282\" data-element_type=\"column\">\n\t\t\t<div class=\"elementor-widget-wrap elementor-element-populated\">\n\t\t\t\t\t\t<div class=\"elementor-element elementor-element-453e491c elementor-widget elementor-widget-menu-anchor\" data-id=\"453e491c\" data-element_type=\"widget\" data-widget_type=\"menu-anchor.default\">\n\t\t\t\t\t\t\t<div class=\"elementor-menu-anchor\" id=\"form\"><\/div>\n\t\t\t\t\t\t<\/div>\n\t\t\t\t<div class=\"elementor-element elementor-element-49b976ef elementor-widget elementor-widget-heading\" data-id=\"49b976ef\" data-element_type=\"widget\" data-widget_type=\"heading.default\">\n\t\t\t\t\t<h3 class=\"elementor-heading-title elementor-size-default\">CONTACT<\/h3>\t\t\t\t<\/div>\n\t\t\t\t<div class=\"elementor-element elementor-element-1a0c6a6a elementor-widget elementor-widget-text-editor\" data-id=\"1a0c6a6a\" data-element_type=\"widget\" data-widget_type=\"text-editor.default\">\n\t\t\t\t\t\t\t\t\t<p>We aim to get back to you as quickly as possible - in most cases within one working day.<\/p>\t\t\t\t\t\t\t\t<\/div>\n\t\t\t\t<div class=\"elementor-element elementor-element-8a48603 elementor-button-align-center elementor-widget elementor-widget-form\" data-id=\"8a48603\" data-element_type=\"widget\" data-settings=\"{&quot;step_next_label&quot;:&quot;Next&quot;,&quot;step_previous_label&quot;:&quot;Previous&quot;,&quot;button_width&quot;:&quot;100&quot;,&quot;step_type&quot;:&quot;number_text&quot;,&quot;step_icon_shape&quot;:&quot;circle&quot;}\" data-widget_type=\"form.default\">\n\t\t\t\t\t\t\t<form class=\"elementor-form\" method=\"post\" name=\"Kontakt MS6\" aria-label=\"Kontakt MS6\" action=\"\">\n\t\t\t<input type=\"hidden\" name=\"post_id\" value=\"19\"\/>\n\t\t\t<input type=\"hidden\" name=\"form_id\" value=\"8a48603\"\/>\n\t\t\t<input type=\"hidden\" name=\"referer_title\" value=\"Kontakt - MS6\" \/>\n\n\t\t\t\t\t\t\t<input type=\"hidden\" name=\"queried_id\" value=\"19\"\/>\n\t\t\t\n\t\t\t<div class=\"elementor-form-fields-wrapper elementor-labels-above\">\n\t\t\t\t\t\t\t\t<div class=\"elementor-field-type-text elementor-field-group elementor-column elementor-field-group-name elementor-col-100\">\n\t\t\t\t\t\t\t\t\t\t\t\t<label for=\"form-field-name\" class=\"elementor-field-label\">\n\t\t\t\t\t\t\t\tName\t\t\t\t\t\t\t<\/label>\n\t\t\t\t\t\t\t\t\t\t\t\t\t\t<input size=\"1\" type=\"text\" name=\"form_fields[name]\" id=\"form-field-name\" class=\"elementor-field elementor-size-md  elementor-field-textual\" placeholder=\"Your Name\">\n\t\t\t\t\t\t\t\t\t\t\t<\/div>\n\t\t\t\t\t\t\t\t<div class=\"elementor-field-type-text elementor-field-group elementor-column elementor-field-group-email elementor-col-100\">\n\t\t\t\t\t\t\t\t\t\t\t\t<label for=\"form-field-email\" class=\"elementor-field-label\">\n\t\t\t\t\t\t\t\tTelephone\t\t\t\t\t\t\t<\/label>\n\t\t\t\t\t\t\t\t\t\t\t\t\t\t<input size=\"1\" type=\"text\" name=\"form_fields[email]\" id=\"form-field-email\" class=\"elementor-field elementor-size-md  elementor-field-textual\" placeholder=\"Your Phone number - in case you want us to give you a call back.\">\n\t\t\t\t\t\t\t\t\t\t\t<\/div>\n\t\t\t\t\t\t\t\t<div class=\"elementor-field-type-email elementor-field-group elementor-column elementor-field-group-message elementor-col-100\">\n\t\t\t\t\t\t\t\t\t\t\t\t<label for=\"form-field-message\" class=\"elementor-field-label\">\n\t\t\t\t\t\t\t\tE-Mail\t\t\t\t\t\t\t<\/label>\n\t\t\t\t\t\t\t\t\t\t\t\t\t\t<input size=\"1\" type=\"email\" name=\"form_fields[message]\" id=\"form-field-message\" class=\"elementor-field elementor-size-md  elementor-field-textual\" placeholder=\"Your e-mail address - in case we can contact you via mail\">\n\t\t\t\t\t\t\t\t\t\t\t<\/div>\n\t\t\t\t\t\t\t\t<div class=\"elementor-field-type-textarea elementor-field-group elementor-column elementor-field-group-54d5138 elementor-col-100\">\n\t\t\t\t\t\t\t\t\t\t\t\t<label for=\"form-field-54d5138\" class=\"elementor-field-label\">\n\t\t\t\t\t\t\t\tWhat can we do for you?\t\t\t\t\t\t\t<\/label>\n\t\t\t\t\t\t<textarea class=\"elementor-field-textual elementor-field  elementor-size-md\" name=\"form_fields[54d5138]\" id=\"form-field-54d5138\" rows=\"4\" placeholder=\"Your message to us\"><\/textarea>\t\t\t\t<\/div>\n\t\t\t\t\t\t\t\t<div class=\"elementor-field-type-acceptance elementor-field-group elementor-column elementor-field-group-e082552 elementor-col-100 elementor-field-required elementor-mark-required\">\n\t\t\t\t\t\t\t<div class=\"elementor-field-subgroup\">\n\t\t\t<span class=\"elementor-field-option\">\n\t\t\t\t<input type=\"checkbox\" name=\"form_fields[e082552]\" id=\"form-field-e082552\" class=\"elementor-field elementor-size-md  elementor-acceptance-field\" required=\"required\" checked=\"checked\">\n\t\t\t\t<label for=\"form-field-e082552\">By submitting this form I agree to the <a href=\"\/en\/datenschutzerklaerung\/\">Data Protection Statement<\/a> of MS6.<\/label>\t\t\t<\/span>\n\t\t<\/div>\n\t\t\t\t\t\t<\/div>\n\t\t\t\t\t\t\t\t<div class=\"elementor-field-type-text\">\n\t\t\t\t\t<input size=\"1\" type=\"text\" name=\"form_fields[field_d6bcc77]\" id=\"form-field-field_d6bcc77\" class=\"elementor-field elementor-size-md\" style=\"display:none !important;\">\t\t\t\t<\/div>\n\t\t\t\t\t\t\t\t<div class=\"elementor-field-group elementor-column elementor-field-type-submit elementor-col-100 e-form__buttons\">\n\t\t\t\t\t<button class=\"elementor-button elementor-size-lg\" type=\"submit\">\n\t\t\t\t\t\t<span class=\"elementor-button-content-wrapper\">\n\t\t\t\t\t\t\t\t\t\t\t\t\t\t\t\t\t\t\t\t\t\t<span class=\"elementor-button-text\">Send<\/span>\n\t\t\t\t\t\t\t\t\t\t\t\t\t<\/span>\n\t\t\t\t\t<\/button>\n\t\t\t\t<\/div>\n\t\t\t<\/div>\n\t\t<input type=\"hidden\" name=\"trp-form-language\" value=\"en\"\/><\/form>\n\t\t\t\t\t\t<\/div>\n\t\t\t\t\t<\/div>\n\t\t<\/div>\n\t\t\t\t\t<\/div>\n\t\t<\/section>\n\t\t\t\t<section class=\"elementor-section elementor-top-section elementor-element elementor-element-1e37098c elementor-section-boxed elementor-section-height-default elementor-section-height-default\" data-id=\"1e37098c\" data-element_type=\"section\" data-settings=\"{&quot;background_background&quot;:&quot;classic&quot;}\">\n\t\t\t\t\t\t\t<div class=\"elementor-background-overlay\"><\/div>\n\t\t\t\t\t\t\t<div class=\"elementor-container elementor-column-gap-default\">\n\t\t\t\t\t<div class=\"elementor-column elementor-col-50 elementor-top-column elementor-element elementor-element-5203d752\" data-id=\"5203d752\" data-element_type=\"column\">\n\t\t\t<div class=\"elementor-widget-wrap elementor-element-populated\">\n\t\t\t\t\t\t<div class=\"elementor-element elementor-element-31d321bd elementor-widget elementor-widget-text-editor\" data-id=\"31d321bd\" data-element_type=\"widget\" data-widget_type=\"text-editor.default\">\n\t\t\t\t\t\t\t\t\t<p>MS6 Travel &amp; Music<br \/>A brand of<br \/>MS6 Reisegesellschaft m.b.H.<\/p>\t\t\t\t\t\t\t\t<\/div>\n\t\t\t\t<div class=\"elementor-element elementor-element-6a85b695 elementor-widget elementor-widget-image\" data-id=\"6a85b695\" data-element_type=\"widget\" data-widget_type=\"image.default\">\n\t\t\t\t\t\t\t\t\t\t\t\t\t\t\t<img decoding=\"async\" width=\"81\" height=\"30\" src=\"https:\/\/ms6.at\/wp-content\/uploads\/2018\/06\/Welle-logo-transparent.png\" class=\"attachment-large size-large wp-image-1357\" alt=\"\" \/>\t\t\t\t\t\t\t\t\t\t\t\t\t\t\t<\/div>\n\t\t\t\t\t<\/div>\n\t\t<\/div>\n\t\t\t\t<div class=\"elementor-column elementor-col-50 elementor-top-column elementor-element elementor-element-47c8a51e\" data-id=\"47c8a51e\" data-element_type=\"column\">\n\t\t\t<div class=\"elementor-widget-wrap elementor-element-populated\">\n\t\t\t\t\t\t<div class=\"elementor-element elementor-element-3d50a1ac elementor-widget elementor-widget-text-editor\" data-id=\"3d50a1ac\" data-element_type=\"widget\" data-widget_type=\"text-editor.default\">\n\t\t\t\t\t\t\t\t\t<p>Mie\u00dftaler Stra\u00dfe 14<br \/>A-9020 Klagenfurt <br> AUSTRIA<br \/>Tel.: +43 463\/57920<br \/>Fax: +43 463\/579204<br \/>Email:\u00a0<a href=\"mailto:info@ms6.at\" target=\"_blank\" rel=\"noopener\">info@ms6.at<\/a><br \/><a href=\"http:\/\/www.ms6.at\/en\" target=\"_blank\" rel=\"noopener\">www.ms6.at<\/a><\/p>\t\t\t\t\t\t\t\t<\/div>\n\t\t\t\t\t<\/div>\n\t\t<\/div>\n\t\t\t\t\t<\/div>\n\t\t<\/section>\n\t\t\t\t<\/div>","protected":false},"excerpt":{"rendered":"<p>SO ERREICHEN SIE UNS AM TELEFON+43 463 57920 Mo &#8211; Do 08:30 &#8211; 16:30 Fr 08:30 &#8211; 13:00 \u00dcber UNSER WEBFORMULAR Auf Wunsch rufen wir Sie gerne zur\u00fcck. PER E-MAILinfo@ms6.at Wir bem\u00fchen uns, innerhalb eines Werktages zu antworten. KONTAKT Wir bem\u00fchen uns, so schnell wie m\u00f6glich zu antworten &#8211; in den meisten F\u00e4llen innerhalb eines [&hellip;]<\/p>","protected":false},"author":3,"featured_media":0,"parent":0,"menu_order":0,"comment_status":"closed","ping_status":"closed","template":"","meta":{"_uf_show_specific_survey":0,"_uf_disable_surveys":false,"footnotes":""},"class_list":["post-19","page","type-page","status-publish","hentry"],"yoast_head":"<!-- This site is optimized with the Yoast SEO plugin v26.1 - https:\/\/yoast.com\/wordpress\/plugins\/seo\/ -->\n<title>Kontakt - MS6<\/title>\n<meta name=\"robots\" content=\"index, follow, max-snippet:-1, max-image-preview:large, max-video-preview:-1\" \/>\n<link rel=\"canonical\" href=\"https:\/\/ms6.at\/en\/kontakt\/\" \/>\n<meta property=\"og:locale\" content=\"en_US\" \/>\n<meta property=\"og:type\" content=\"article\" \/>\n<meta property=\"og:title\" content=\"Kontakt - MS6\" \/>\n<meta property=\"og:description\" content=\"SO ERREICHEN SIE UNS AM TELEFON+43 463 57920 Mo &#8211; Do 08:30 &#8211; 16:30 Fr 08:30 &#8211; 13:00 \u00dcber UNSER WEBFORMULAR Auf Wunsch rufen wir Sie gerne zur\u00fcck. PER E-MAILinfo@ms6.at Wir bem\u00fchen uns, innerhalb eines Werktages zu antworten. KONTAKT Wir bem\u00fchen uns, so schnell wie m\u00f6glich zu antworten &#8211; in den meisten F\u00e4llen innerhalb eines [&hellip;]\" \/>\n<meta property=\"og:url\" content=\"https:\/\/ms6.at\/en\/kontakt\/\" \/>\n<meta property=\"og:site_name\" content=\"MS6\" \/>\n<meta property=\"article:publisher\" content=\"https:\/\/www.facebook.com\/ms6travelandmusic\/\" \/>\n<meta property=\"article:modified_time\" content=\"2024-02-12T14:53:00+00:00\" \/>\n<meta property=\"og:image\" content=\"https:\/\/ms6.at\/wp-content\/uploads\/2018\/06\/Welle-logo-transparent.png\" \/>\n<meta name=\"twitter:card\" content=\"summary_large_image\" \/>\n<meta name=\"twitter:label1\" content=\"Est. reading time\" \/>\n\t<meta name=\"twitter:data1\" content=\"1 minute\" \/>\n<script type=\"application\/ld+json\" class=\"yoast-schema-graph\">{\"@context\":\"https:\/\/schema.org\",\"@graph\":[{\"@type\":\"WebPage\",\"@id\":\"https:\/\/ms6.at\/kontakt\/\",\"url\":\"https:\/\/ms6.at\/kontakt\/\",\"name\":\"Kontakt - MS6\",\"isPartOf\":{\"@id\":\"https:\/\/ms6.at\/#website\"},\"primaryImageOfPage\":{\"@id\":\"https:\/\/ms6.at\/kontakt\/#primaryimage\"},\"image\":{\"@id\":\"https:\/\/ms6.at\/kontakt\/#primaryimage\"},\"thumbnailUrl\":\"https:\/\/ms6.at\/wp-content\/uploads\/2018\/06\/Welle-logo-transparent.png\",\"datePublished\":\"2018-03-14T12:44:29+00:00\",\"dateModified\":\"2024-02-12T14:53:00+00:00\",\"breadcrumb\":{\"@id\":\"https:\/\/ms6.at\/kontakt\/#breadcrumb\"},\"inLanguage\":\"en-US\",\"potentialAction\":[{\"@type\":\"ReadAction\",\"target\":[\"https:\/\/ms6.at\/kontakt\/\"]}]},{\"@type\":\"ImageObject\",\"inLanguage\":\"en-US\",\"@id\":\"https:\/\/ms6.at\/kontakt\/#primaryimage\",\"url\":\"https:\/\/ms6.at\/wp-content\/uploads\/2018\/06\/Welle-logo-transparent.png\",\"contentUrl\":\"https:\/\/ms6.at\/wp-content\/uploads\/2018\/06\/Welle-logo-transparent.png\"},{\"@type\":\"BreadcrumbList\",\"@id\":\"https:\/\/ms6.at\/kontakt\/#breadcrumb\",\"itemListElement\":[{\"@type\":\"ListItem\",\"position\":1,\"name\":\"Home\",\"item\":\"https:\/\/ms6.at\/\"},{\"@type\":\"ListItem\",\"position\":2,\"name\":\"Kontakt\"}]},{\"@type\":\"WebSite\",\"@id\":\"https:\/\/ms6.at\/#website\",\"url\":\"https:\/\/ms6.at\/\",\"name\":\"MS6\",\"description\":\"Travel and Music\",\"publisher\":{\"@id\":\"https:\/\/ms6.at\/#organization\"},\"potentialAction\":[{\"@type\":\"SearchAction\",\"target\":{\"@type\":\"EntryPoint\",\"urlTemplate\":\"https:\/\/ms6.at\/?s={search_term_string}\"},\"query-input\":{\"@type\":\"PropertyValueSpecification\",\"valueRequired\":true,\"valueName\":\"search_term_string\"}}],\"inLanguage\":\"en-US\"},{\"@type\":\"Organization\",\"@id\":\"https:\/\/ms6.at\/#organization\",\"name\":\"MS6 Travel & Music\",\"url\":\"https:\/\/ms6.at\/\",\"logo\":{\"@type\":\"ImageObject\",\"inLanguage\":\"en-US\",\"@id\":\"https:\/\/ms6.at\/#\/schema\/logo\/image\/\",\"url\":\"https:\/\/ms6.at\/wp-content\/uploads\/2018\/05\/MS6-Travel-and-Music-Logo1x.png\",\"contentUrl\":\"https:\/\/ms6.at\/wp-content\/uploads\/2018\/05\/MS6-Travel-and-Music-Logo1x.png\",\"width\":625,\"height\":275,\"caption\":\"MS6 Travel & Music\"},\"image\":{\"@id\":\"https:\/\/ms6.at\/#\/schema\/logo\/image\/\"},\"sameAs\":[\"https:\/\/www.facebook.com\/ms6travelandmusic\/\",\"https:\/\/www.youtube.com\/channel\/UCzpuB2hZ_wFoQnu7vIzFGwA\"]}]}<\/script>\n<!-- \/ Yoast SEO plugin. -->","yoast_head_json":{"title":"Kontakt - MS6","robots":{"index":"index","follow":"follow","max-snippet":"max-snippet:-1","max-image-preview":"max-image-preview:large","max-video-preview":"max-video-preview:-1"},"canonical":"https:\/\/ms6.at\/en\/kontakt\/","og_locale":"en_US","og_type":"article","og_title":"Kontakt - MS6","og_description":"SO ERREICHEN SIE UNS AM TELEFON+43 463 57920 Mo &#8211; Do 08:30 &#8211; 16:30 Fr 08:30 &#8211; 13:00 \u00dcber UNSER WEBFORMULAR Auf Wunsch rufen wir Sie gerne zur\u00fcck. PER E-MAILinfo@ms6.at Wir bem\u00fchen uns, innerhalb eines Werktages zu antworten. KONTAKT Wir bem\u00fchen uns, so schnell wie m\u00f6glich zu antworten &#8211; in den meisten F\u00e4llen innerhalb eines [&hellip;]","og_url":"https:\/\/ms6.at\/en\/kontakt\/","og_site_name":"MS6","article_publisher":"https:\/\/www.facebook.com\/ms6travelandmusic\/","article_modified_time":"2024-02-12T14:53:00+00:00","og_image":[{"url":"https:\/\/ms6.at\/wp-content\/uploads\/2018\/06\/Welle-logo-transparent.png","type":"","width":"","height":""}],"twitter_card":"summary_large_image","twitter_misc":{"Est. reading time":"1 minute"},"schema":{"@context":"https:\/\/schema.org","@graph":[{"@type":"WebPage","@id":"https:\/\/ms6.at\/kontakt\/","url":"https:\/\/ms6.at\/kontakt\/","name":"Kontakt - MS6","isPartOf":{"@id":"https:\/\/ms6.at\/#website"},"primaryImageOfPage":{"@id":"https:\/\/ms6.at\/kontakt\/#primaryimage"},"image":{"@id":"https:\/\/ms6.at\/kontakt\/#primaryimage"},"thumbnailUrl":"https:\/\/ms6.at\/wp-content\/uploads\/2018\/06\/Welle-logo-transparent.png","datePublished":"2018-03-14T12:44:29+00:00","dateModified":"2024-02-12T14:53:00+00:00","breadcrumb":{"@id":"https:\/\/ms6.at\/kontakt\/#breadcrumb"},"inLanguage":"en-US","potentialAction":[{"@type":"ReadAction","target":["https:\/\/ms6.at\/kontakt\/"]}]},{"@type":"ImageObject","inLanguage":"en-US","@id":"https:\/\/ms6.at\/kontakt\/#primaryimage","url":"https:\/\/ms6.at\/wp-content\/uploads\/2018\/06\/Welle-logo-transparent.png","contentUrl":"https:\/\/ms6.at\/wp-content\/uploads\/2018\/06\/Welle-logo-transparent.png"},{"@type":"BreadcrumbList","@id":"https:\/\/ms6.at\/kontakt\/#breadcrumb","itemListElement":[{"@type":"ListItem","position":1,"name":"Home","item":"https:\/\/ms6.at\/"},{"@type":"ListItem","position":2,"name":"Kontakt"}]},{"@type":"WebSite","@id":"https:\/\/ms6.at\/#website","url":"https:\/\/ms6.at\/","name":"MS6","description":"Travel and Music","publisher":{"@id":"https:\/\/ms6.at\/#organization"},"potentialAction":[{"@type":"SearchAction","target":{"@type":"EntryPoint","urlTemplate":"https:\/\/ms6.at\/?s={search_term_string}"},"query-input":{"@type":"PropertyValueSpecification","valueRequired":true,"valueName":"search_term_string"}}],"inLanguage":"en-US"},{"@type":"Organization","@id":"https:\/\/ms6.at\/#organization","name":"MS6 Travel & Music","url":"https:\/\/ms6.at\/","logo":{"@type":"ImageObject","inLanguage":"en-US","@id":"https:\/\/ms6.at\/#\/schema\/logo\/image\/","url":"https:\/\/ms6.at\/wp-content\/uploads\/2018\/05\/MS6-Travel-and-Music-Logo1x.png","contentUrl":"https:\/\/ms6.at\/wp-content\/uploads\/2018\/05\/MS6-Travel-and-Music-Logo1x.png","width":625,"height":275,"caption":"MS6 Travel & Music"},"image":{"@id":"https:\/\/ms6.at\/#\/schema\/logo\/image\/"},"sameAs":["https:\/\/www.facebook.com\/ms6travelandmusic\/","https:\/\/www.youtube.com\/channel\/UCzpuB2hZ_wFoQnu7vIzFGwA"]}]}},"_links":{"self":[{"href":"https:\/\/ms6.at\/en\/wp-json\/wp\/v2\/pages\/19","targetHints":{"allow":["GET"]}}],"collection":[{"href":"https:\/\/ms6.at\/en\/wp-json\/wp\/v2\/pages"}],"about":[{"href":"https:\/\/ms6.at\/en\/wp-json\/wp\/v2\/types\/page"}],"author":[{"embeddable":true,"href":"https:\/\/ms6.at\/en\/wp-json\/wp\/v2\/users\/3"}],"replies":[{"embeddable":true,"href":"https:\/\/ms6.at\/en\/wp-json\/wp\/v2\/comments?post=19"}],"version-history":[{"count":0,"href":"https:\/\/ms6.at\/en\/wp-json\/wp\/v2\/pages\/19\/revisions"}],"wp:attachment":[{"href":"https:\/\/ms6.at\/en\/wp-json\/wp\/v2\/media?parent=19"}],"curies":[{"name":"wp","href":"https:\/\/api.w.org\/{rel}","templated":true}]}}