{"id":23,"date":"2018-03-14T13:45:26","date_gmt":"2018-03-14T12:45:26","guid":{"rendered":"https:\/\/ms.tecswag.com\/?page_id=23"},"modified":"2023-03-22T10:52:20","modified_gmt":"2023-03-22T09:52:20","slug":"impressum","status":"publish","type":"page","link":"https:\/\/ms6.at\/de\/impressum\/","title":{"rendered":"Impressum"},"content":{"rendered":"\t\t<div data-elementor-type=\"wp-post\" data-elementor-id=\"23\" class=\"elementor elementor-23\" data-elementor-post-type=\"page\">\n\t\t\t\t\t\t<section class=\"elementor-section elementor-top-section elementor-element elementor-element-6706666a elementor-section-height-min-height elementor-section-content-top elementor-section-boxed elementor-section-height-default elementor-section-items-middle\" data-id=\"6706666a\" data-element_type=\"section\" data-settings=\"{&quot;background_background&quot;:&quot;classic&quot;,&quot;sticky&quot;:&quot;top&quot;,&quot;sticky_on&quot;:[&quot;desktop&quot;,&quot;tablet&quot;,&quot;mobile&quot;],&quot;sticky_offset&quot;:0,&quot;sticky_effects_offset&quot;:0,&quot;sticky_anchor_link_offset&quot;:0}\">\n\t\t\t\t\t\t<div class=\"elementor-container elementor-column-gap-default\">\n\t\t\t\t\t<div class=\"elementor-column elementor-col-100 elementor-top-column elementor-element elementor-element-43a46bd7\" data-id=\"43a46bd7\" data-element_type=\"column\" data-settings=\"{&quot;background_background&quot;:&quot;classic&quot;}\">\n\t\t\t<div class=\"elementor-widget-wrap elementor-element-populated\">\n\t\t\t\t\t\t<section class=\"elementor-section elementor-inner-section elementor-element elementor-element-76da8228 animated-slow elementor-section-boxed elementor-section-height-default elementor-section-height-default elementor-invisible\" data-id=\"76da8228\" data-element_type=\"section\" data-settings=\"{&quot;background_background&quot;:&quot;classic&quot;,&quot;animation&quot;:&quot;fadeIn&quot;,&quot;animation_delay&quot;:1000}\">\n\t\t\t\t\t\t<div class=\"elementor-container elementor-column-gap-default\">\n\t\t\t\t\t<div class=\"elementor-column elementor-col-100 elementor-inner-column elementor-element elementor-element-362e2b8d\" data-id=\"362e2b8d\" data-element_type=\"column\" data-settings=\"{&quot;background_background&quot;:&quot;classic&quot;}\">\n\t\t\t<div class=\"elementor-widget-wrap elementor-element-populated\">\n\t\t\t\t\t<div class=\"elementor-background-overlay\"><\/div>\n\t\t\t\t\t\t<div class=\"elementor-element elementor-element-71bd135d elementor-widget elementor-widget-heading\" data-id=\"71bd135d\" data-element_type=\"widget\" data-widget_type=\"heading.default\">\n\t\t\t\t\t<h1 class=\"elementor-heading-title elementor-size-default\">Impressum<\/h1>\t\t\t\t<\/div>\n\t\t\t\t\t<\/div>\n\t\t<\/div>\n\t\t\t\t\t<\/div>\n\t\t<\/section>\n\t\t\t\t\t<\/div>\n\t\t<\/div>\n\t\t\t\t\t<\/div>\n\t\t<\/section>\n\t\t\t\t<section class=\"elementor-section elementor-top-section elementor-element elementor-element-5191b73 elementor-section-boxed elementor-section-height-default elementor-section-height-default\" data-id=\"5191b73\" data-element_type=\"section\" data-settings=\"{&quot;background_background&quot;:&quot;classic&quot;}\">\n\t\t\t\t\t\t<div class=\"elementor-container elementor-column-gap-default\">\n\t\t\t\t\t<div class=\"elementor-column elementor-col-100 elementor-top-column elementor-element elementor-element-7431b50b\" data-id=\"7431b50b\" data-element_type=\"column\">\n\t\t\t<div class=\"elementor-widget-wrap elementor-element-populated\">\n\t\t\t\t\t\t<section class=\"elementor-section elementor-inner-section elementor-element elementor-element-7a628599 elementor-section-boxed elementor-section-height-default elementor-section-height-default\" data-id=\"7a628599\" data-element_type=\"section\" data-settings=\"{&quot;background_background&quot;:&quot;classic&quot;}\">\n\t\t\t\t\t\t<div class=\"elementor-container elementor-column-gap-default\">\n\t\t\t\t\t<div class=\"elementor-column elementor-col-100 elementor-inner-column elementor-element elementor-element-482bd1e8\" data-id=\"482bd1e8\" data-element_type=\"column\" data-settings=\"{&quot;background_background&quot;:&quot;classic&quot;}\">\n\t\t\t<div class=\"elementor-widget-wrap elementor-element-populated\">\n\t\t\t\t\t\t<div class=\"elementor-element elementor-element-5b876079 elementor-widget elementor-widget-text-editor\" data-id=\"5b876079\" data-element_type=\"widget\" data-widget_type=\"text-editor.default\">\n\t\t\t\t\t\t\t\t\t<p class=\"bodytext\"><b>MS6 Reisegesellschaft mbH<\/b><br \/>Mie\u00dftaler Stra\u00dfe 14<br \/>9020 Klagenfurt am W\u00f6rthersee<\/p><p class=\"bodytext\">\u00d6sterreich<br \/>Tel.: +43 (0)463\/57920<br \/>Fax: +43 (0)463\/57920-DW 4<br \/>Email: info@ms6.at<br \/><a href=\"http:\/\/www.ms6.at\/\">www.ms6.at<\/a><\/p><p class=\"bodytext\">Firmenbuchnummer: FN140876x<\/p><p class=\"bodytext\">Firmengericht: LG Klagenfurt<\/p><p class=\"bodytext\">UID-Nr. ATU40832408<\/p><p class=\"bodytext\">Aufsichtsbeh\u00f6rde: Magistrat Klagenfurt<\/p><p class=\"bodytext\">Mitglied der Wirtschaftskammer\u00a0K\u00e4rnten<\/p><p class=\"bodytext\">Sparte Tourismus- und Freizeitwirtschaft Fachgruppe Reiseb\u00fcros<\/p><p class=\"bodytext\">Reiseb\u00fcrogewerbe Berechtigung verliehen in \u00d6sterreich<\/p><p class=\"bodytext\">F\u00fcr Reiseb\u00fcros gelten folgende Rechtsvorschriften:<\/p><p class=\"bodytext\">\u2022 Gewerbeordnung 1994, insbesondere \u00a7 94 Z 56 und \u00a7 126: siehe <a href=\"http:\/\/www.ris.bka.gv.at\/GeltendeFassung.wxe?Abfrage=Bundesnormen&amp;Gesetzesnummer=10007517\">http:\/\/www.ris.bka.gv.at\/GeltendeFassung.wxe?Abfrage=Bundesnormen&amp;Gesetzesnummer=10007517<\/a> \u00a0<\/p><p class=\"bodytext\">\u2022 Aus\u00fcbungsvorschriften f\u00fcr das Reiseb\u00fcrogewerbe: siehe <a href=\"http:\/\/www.ris.bka.gv.at\/GeltendeFassung.wxe?Abfrage=Bundesnormen&amp;Gesetzesnummer=10008014\">http:\/\/www.ris.bka.gv.at\/GeltendeFassung.wxe?Abfrage=Bundesnormen&amp;Gesetzesnummer=10008014<\/a><\/p><p class=\"bodytext\">\u2022 Reiseb\u00fcro-Verordnung: siehe <a href=\"http:\/\/www.ris.bka.gv.at\/GeltendeFassung.wxe?Abfrage=Bundesnormen&amp;Gesetzesnummer=20002480\">http:\/\/www.ris.bka.gv.at\/GeltendeFassung.wxe?Abfrage=Bundesnormen&amp;Gesetzesnummer=20002480<\/a> \u00a0<\/p><p class=\"bodytext\">\u2022 Reiseb\u00fcrosicherungsverordnung: siehe <a href=\"http:\/\/www.ris.bka.gv.at\/GeltendeFassung.wxe?Abfrage=Bundesnormen&amp;Gesetzesnummer=20000007\">http:\/\/www.ris.bka.gv.at\/GeltendeFassung.wxe?Abfrage=Bundesnormen&amp;Gesetzesnummer=20000007<\/a> \u00a0<\/p><p class=\"bodytext\">\u2022 Konsumentenschutzgesetz, insbesondere \u00a7\u00a7 31b bis 31f: siehe <a href=\"http:\/\/www.ris.bka.gv.at\/GeltendeFassung.wxe?Abfrage=Bundesnormen&amp;Gesetzesnummer=10002462\">http:\/\/www.ris.bka.gv.at\/GeltendeFassung.wxe?Abfrage=Bundesnormen&amp;Gesetzesnummer=10002462<\/a> \u00a0\u00a0<\/p><p class=\"bodytext\"><b>Gesch\u00e4ftsf\u00fchrer:<\/b> Michael Springer<\/p><p><b>F\u00fcr den Inhalt verantwortlich:<\/b> Michaela Springer<\/p><p><b>Konzept und Design:<\/b>\u00a0<a style=\"background-color: #ffffff;\" href=\"http:\/\/aeonic.cc\" target=\"_blank\" rel=\"noopener\">\u00c6ONIC<\/a><\/p><p><b>Copyright:<\/b><br \/>Die in der Website enthaltenen Textbeitr\u00e4ge und Abbildungen sind urheberrechtlich gesch\u00fctzt. Das Copyright liegt bei MS6 Travel &amp; Music GesmbH\u00a0oder den Fotografen (Manfred Bockelmann, Gregor Hohenberg, TUI Cruises). Alle Teile der Website unterliegen dem Copyright und sind urheberrechtlich als Datensammelwerk gesch\u00fctzt. Jede Verwertung bedarf der schriftlichen Zustimmung des Copyright-Inhabers.<\/p><p class=\"bodytext\"><b>Haftungshinweis:<\/b><br \/>Trotz sorgf\u00e4ltiger inhaltlicher Kontrolle \u00fcbernehmen wir keine Haftung f\u00fcr die Inhalte externer Links. F\u00fcr den Inhalt der verlinkten Seiten sind ausschlie\u00dflich deren Betreiber verantwortlich.<\/p>\t\t\t\t\t\t\t\t<\/div>\n\t\t\t\t<div class=\"elementor-element elementor-element-de73313 elementor-widget elementor-widget-image\" data-id=\"de73313\" data-element_type=\"widget\" data-widget_type=\"image.default\">\n\t\t\t\t\t\t\t\t\t\t\t\t\t\t\t<img fetchpriority=\"high\" decoding=\"async\" width=\"300\" height=\"300\" src=\"https:\/\/ms6.at\/wp-content\/uploads\/2018\/06\/TVA_Plakette_Insolvenzabsicherung_Rahmen_202245-300x300.jpg\" class=\"attachment-medium size-medium wp-image-5143\" alt=\"\" srcset=\"https:\/\/ms6.at\/wp-content\/uploads\/2018\/06\/TVA_Plakette_Insolvenzabsicherung_Rahmen_202245-300x300.jpg 300w, https:\/\/ms6.at\/wp-content\/uploads\/2018\/06\/TVA_Plakette_Insolvenzabsicherung_Rahmen_202245-1024x1024.jpg 1024w, https:\/\/ms6.at\/wp-content\/uploads\/2018\/06\/TVA_Plakette_Insolvenzabsicherung_Rahmen_202245-150x150.jpg 150w, https:\/\/ms6.at\/wp-content\/uploads\/2018\/06\/TVA_Plakette_Insolvenzabsicherung_Rahmen_202245-768x768.jpg 768w, https:\/\/ms6.at\/wp-content\/uploads\/2018\/06\/TVA_Plakette_Insolvenzabsicherung_Rahmen_202245.jpg 1181w\" sizes=\"(max-width: 300px) 100vw, 300px\" \/>\t\t\t\t\t\t\t\t\t\t\t\t\t\t\t<\/div>\n\t\t\t\t\t<\/div>\n\t\t<\/div>\n\t\t\t\t\t<\/div>\n\t\t<\/section>\n\t\t\t\t\t<\/div>\n\t\t<\/div>\n\t\t\t\t\t<\/div>\n\t\t<\/section>\n\t\t\t\t<section class=\"elementor-section elementor-top-section elementor-element elementor-element-98993c2 elementor-section-boxed elementor-section-height-default elementor-section-height-default\" data-id=\"98993c2\" data-element_type=\"section\" data-settings=\"{&quot;background_background&quot;:&quot;classic&quot;}\">\n\t\t\t\t\t\t<div class=\"elementor-container elementor-column-gap-default\">\n\t\t\t\t\t<div class=\"elementor-column elementor-col-100 elementor-top-column elementor-element elementor-element-9c7df3e\" data-id=\"9c7df3e\" data-element_type=\"column\">\n\t\t\t<div class=\"elementor-widget-wrap elementor-element-populated\">\n\t\t\t\t\t\t<div class=\"elementor-element elementor-element-1cafdd5 elementor-widget elementor-widget-heading\" data-id=\"1cafdd5\" data-element_type=\"widget\" data-widget_type=\"heading.default\">\n\t\t\t\t\t<h2 class=\"elementor-heading-title elementor-size-default\">ALLGEMEINE GESCH\u00c4FTSBEDINGUNGEN<\/h2>\t\t\t\t<\/div>\n\t\t\t\t\t<\/div>\n\t\t<\/div>\n\t\t\t\t\t<\/div>\n\t\t<\/section>\n\t\t\t\t<section class=\"elementor-section elementor-top-section elementor-element elementor-element-c5d6219 elementor-section-height-min-height elementor-section-boxed elementor-section-height-default elementor-section-items-middle\" data-id=\"c5d6219\" data-element_type=\"section\" data-settings=\"{&quot;background_background&quot;:&quot;classic&quot;}\">\n\t\t\t\t\t\t<div class=\"elementor-container elementor-column-gap-default\">\n\t\t\t\t\t<div class=\"elementor-column elementor-col-100 elementor-top-column elementor-element elementor-element-70c1564\" data-id=\"70c1564\" data-element_type=\"column\">\n\t\t\t<div class=\"elementor-widget-wrap elementor-element-populated\">\n\t\t\t\t\t\t<div class=\"elementor-element elementor-element-93aead2 elementor-align-center elementor-widget elementor-widget-button\" data-id=\"93aead2\" data-element_type=\"widget\" data-widget_type=\"button.default\">\n\t\t\t\t\t\t\t\t\t\t<a class=\"elementor-button elementor-button-link elementor-size-sm\" href=\"https:\/\/ms6.at\/wp-content\/uploads\/2023\/03\/ARB-der-MS6-Reisegesellschaft_2023_Feb.pdf\">\n\t\t\t\t\t\t<span class=\"elementor-button-content-wrapper\">\n\t\t\t\t\t\t\t\t\t<span class=\"elementor-button-text\">DOWNLOAD AGB<\/span>\n\t\t\t\t\t<\/span>\n\t\t\t\t\t<\/a>\n\t\t\t\t\t\t\t\t<\/div>\n\t\t\t\t\t<\/div>\n\t\t<\/div>\n\t\t\t\t\t<\/div>\n\t\t<\/section>\n\t\t\t\t<\/div>\n\t\t","protected":false},"excerpt":{"rendered":"<p>Impressum MS6 Reisegesellschaft mbHMie\u00dftaler Stra\u00dfe 149020 Klagenfurt am W\u00f6rthersee \u00d6sterreichTel.: +43 (0)463\/57920Fax: +43 (0)463\/57920-DW 4Email: info@ms6.atwww.ms6.at Firmenbuchnummer: FN140876x Firmengericht: LG Klagenfurt UID-Nr. ATU40832408 Aufsichtsbeh\u00f6rde: Magistrat Klagenfurt Mitglied der Wirtschaftskammer\u00a0K\u00e4rnten Sparte Tourismus- und Freizeitwirtschaft Fachgruppe Reiseb\u00fcros Reiseb\u00fcrogewerbe Berechtigung verliehen in \u00d6sterreich F\u00fcr Reiseb\u00fcros gelten folgende Rechtsvorschriften: \u2022 Gewerbeordnung 1994, insbesondere \u00a7 94 Z 56 und \u00a7 [&hellip;]<\/p>\n","protected":false},"author":3,"featured_media":0,"parent":0,"menu_order":0,"comment_status":"closed","ping_status":"closed","template":"","meta":{"_uf_show_specific_survey":0,"_uf_disable_surveys":false,"footnotes":""},"class_list":["post-23","page","type-page","status-publish","hentry"],"yoast_head":"<!-- This site is optimized with the Yoast SEO plugin v26.1 - https:\/\/yoast.com\/wordpress\/plugins\/seo\/ -->\n<title>Impressum - MS6<\/title>\n<meta name=\"robots\" content=\"index, follow, max-snippet:-1, max-image-preview:large, max-video-preview:-1\" \/>\n<link rel=\"canonical\" href=\"https:\/\/ms6.at\/de\/impressum\/\" \/>\n<meta property=\"og:locale\" content=\"de_DE\" \/>\n<meta property=\"og:type\" content=\"article\" \/>\n<meta property=\"og:title\" content=\"Impressum - MS6\" \/>\n<meta property=\"og:description\" content=\"Impressum MS6 Reisegesellschaft mbHMie\u00dftaler Stra\u00dfe 149020 Klagenfurt am W\u00f6rthersee \u00d6sterreichTel.: +43 (0)463\/57920Fax: +43 (0)463\/57920-DW 4Email: info@ms6.atwww.ms6.at Firmenbuchnummer: FN140876x Firmengericht: LG Klagenfurt UID-Nr. ATU40832408 Aufsichtsbeh\u00f6rde: Magistrat Klagenfurt Mitglied der Wirtschaftskammer\u00a0K\u00e4rnten Sparte Tourismus- und Freizeitwirtschaft Fachgruppe Reiseb\u00fcros Reiseb\u00fcrogewerbe Berechtigung verliehen in \u00d6sterreich F\u00fcr Reiseb\u00fcros gelten folgende Rechtsvorschriften: \u2022 Gewerbeordnung 1994, insbesondere \u00a7 94 Z 56 und \u00a7 [&hellip;]\" \/>\n<meta property=\"og:url\" content=\"https:\/\/ms6.at\/de\/impressum\/\" \/>\n<meta property=\"og:site_name\" content=\"MS6\" \/>\n<meta property=\"article:publisher\" content=\"https:\/\/www.facebook.com\/ms6travelandmusic\/\" \/>\n<meta property=\"article:modified_time\" content=\"2023-03-22T09:52:20+00:00\" \/>\n<meta property=\"og:image\" content=\"https:\/\/ms6.at\/wp-content\/uploads\/2018\/06\/TVA_Plakette_Insolvenzabsicherung_Rahmen_202245-300x300.jpg\" \/>\n<meta name=\"twitter:card\" content=\"summary_large_image\" \/>\n<meta name=\"twitter:label1\" content=\"Gesch\u00e4tzte Lesezeit\" \/>\n\t<meta name=\"twitter:data1\" content=\"1\u00a0Minute\" \/>\n<script type=\"application\/ld+json\" class=\"yoast-schema-graph\">{\"@context\":\"https:\/\/schema.org\",\"@graph\":[{\"@type\":\"WebPage\",\"@id\":\"https:\/\/ms6.at\/impressum\/\",\"url\":\"https:\/\/ms6.at\/impressum\/\",\"name\":\"Impressum - MS6\",\"isPartOf\":{\"@id\":\"https:\/\/ms6.at\/#website\"},\"primaryImageOfPage\":{\"@id\":\"https:\/\/ms6.at\/impressum\/#primaryimage\"},\"image\":{\"@id\":\"https:\/\/ms6.at\/impressum\/#primaryimage\"},\"thumbnailUrl\":\"https:\/\/ms6.at\/wp-content\/uploads\/2018\/06\/TVA_Plakette_Insolvenzabsicherung_Rahmen_202245-300x300.jpg\",\"datePublished\":\"2018-03-14T12:45:26+00:00\",\"dateModified\":\"2023-03-22T09:52:20+00:00\",\"breadcrumb\":{\"@id\":\"https:\/\/ms6.at\/impressum\/#breadcrumb\"},\"inLanguage\":\"de\",\"potentialAction\":[{\"@type\":\"ReadAction\",\"target\":[\"https:\/\/ms6.at\/impressum\/\"]}]},{\"@type\":\"ImageObject\",\"inLanguage\":\"de\",\"@id\":\"https:\/\/ms6.at\/impressum\/#primaryimage\",\"url\":\"https:\/\/ms6.at\/wp-content\/uploads\/2018\/06\/TVA_Plakette_Insolvenzabsicherung_Rahmen_202245-300x300.jpg\",\"contentUrl\":\"https:\/\/ms6.at\/wp-content\/uploads\/2018\/06\/TVA_Plakette_Insolvenzabsicherung_Rahmen_202245-300x300.jpg\"},{\"@type\":\"BreadcrumbList\",\"@id\":\"https:\/\/ms6.at\/impressum\/#breadcrumb\",\"itemListElement\":[{\"@type\":\"ListItem\",\"position\":1,\"name\":\"Home\",\"item\":\"https:\/\/ms6.at\/\"},{\"@type\":\"ListItem\",\"position\":2,\"name\":\"Impressum\"}]},{\"@type\":\"WebSite\",\"@id\":\"https:\/\/ms6.at\/#website\",\"url\":\"https:\/\/ms6.at\/\",\"name\":\"MS6\",\"description\":\"Travel and Music\",\"publisher\":{\"@id\":\"https:\/\/ms6.at\/#organization\"},\"potentialAction\":[{\"@type\":\"SearchAction\",\"target\":{\"@type\":\"EntryPoint\",\"urlTemplate\":\"https:\/\/ms6.at\/?s={search_term_string}\"},\"query-input\":{\"@type\":\"PropertyValueSpecification\",\"valueRequired\":true,\"valueName\":\"search_term_string\"}}],\"inLanguage\":\"de\"},{\"@type\":\"Organization\",\"@id\":\"https:\/\/ms6.at\/#organization\",\"name\":\"MS6 Travel & Music\",\"url\":\"https:\/\/ms6.at\/\",\"logo\":{\"@type\":\"ImageObject\",\"inLanguage\":\"de\",\"@id\":\"https:\/\/ms6.at\/#\/schema\/logo\/image\/\",\"url\":\"https:\/\/ms6.at\/wp-content\/uploads\/2018\/05\/MS6-Travel-and-Music-Logo1x.png\",\"contentUrl\":\"https:\/\/ms6.at\/wp-content\/uploads\/2018\/05\/MS6-Travel-and-Music-Logo1x.png\",\"width\":625,\"height\":275,\"caption\":\"MS6 Travel & Music\"},\"image\":{\"@id\":\"https:\/\/ms6.at\/#\/schema\/logo\/image\/\"},\"sameAs\":[\"https:\/\/www.facebook.com\/ms6travelandmusic\/\",\"https:\/\/www.youtube.com\/channel\/UCzpuB2hZ_wFoQnu7vIzFGwA\"]}]}<\/script>\n<!-- \/ Yoast SEO plugin. -->","yoast_head_json":{"title":"Impressum - MS6","robots":{"index":"index","follow":"follow","max-snippet":"max-snippet:-1","max-image-preview":"max-image-preview:large","max-video-preview":"max-video-preview:-1"},"canonical":"https:\/\/ms6.at\/de\/impressum\/","og_locale":"de_DE","og_type":"article","og_title":"Impressum - MS6","og_description":"Impressum MS6 Reisegesellschaft mbHMie\u00dftaler Stra\u00dfe 149020 Klagenfurt am W\u00f6rthersee \u00d6sterreichTel.: +43 (0)463\/57920Fax: +43 (0)463\/57920-DW 4Email: info@ms6.atwww.ms6.at Firmenbuchnummer: FN140876x Firmengericht: LG Klagenfurt UID-Nr. ATU40832408 Aufsichtsbeh\u00f6rde: Magistrat Klagenfurt Mitglied der Wirtschaftskammer\u00a0K\u00e4rnten Sparte Tourismus- und Freizeitwirtschaft Fachgruppe Reiseb\u00fcros Reiseb\u00fcrogewerbe Berechtigung verliehen in \u00d6sterreich F\u00fcr Reiseb\u00fcros gelten folgende Rechtsvorschriften: \u2022 Gewerbeordnung 1994, insbesondere \u00a7 94 Z 56 und \u00a7 [&hellip;]","og_url":"https:\/\/ms6.at\/de\/impressum\/","og_site_name":"MS6","article_publisher":"https:\/\/www.facebook.com\/ms6travelandmusic\/","article_modified_time":"2023-03-22T09:52:20+00:00","og_image":[{"url":"https:\/\/ms6.at\/wp-content\/uploads\/2018\/06\/TVA_Plakette_Insolvenzabsicherung_Rahmen_202245-300x300.jpg","type":"","width":"","height":""}],"twitter_card":"summary_large_image","twitter_misc":{"Gesch\u00e4tzte Lesezeit":"1\u00a0Minute"},"schema":{"@context":"https:\/\/schema.org","@graph":[{"@type":"WebPage","@id":"https:\/\/ms6.at\/impressum\/","url":"https:\/\/ms6.at\/impressum\/","name":"Impressum - MS6","isPartOf":{"@id":"https:\/\/ms6.at\/#website"},"primaryImageOfPage":{"@id":"https:\/\/ms6.at\/impressum\/#primaryimage"},"image":{"@id":"https:\/\/ms6.at\/impressum\/#primaryimage"},"thumbnailUrl":"https:\/\/ms6.at\/wp-content\/uploads\/2018\/06\/TVA_Plakette_Insolvenzabsicherung_Rahmen_202245-300x300.jpg","datePublished":"2018-03-14T12:45:26+00:00","dateModified":"2023-03-22T09:52:20+00:00","breadcrumb":{"@id":"https:\/\/ms6.at\/impressum\/#breadcrumb"},"inLanguage":"de","potentialAction":[{"@type":"ReadAction","target":["https:\/\/ms6.at\/impressum\/"]}]},{"@type":"ImageObject","inLanguage":"de","@id":"https:\/\/ms6.at\/impressum\/#primaryimage","url":"https:\/\/ms6.at\/wp-content\/uploads\/2018\/06\/TVA_Plakette_Insolvenzabsicherung_Rahmen_202245-300x300.jpg","contentUrl":"https:\/\/ms6.at\/wp-content\/uploads\/2018\/06\/TVA_Plakette_Insolvenzabsicherung_Rahmen_202245-300x300.jpg"},{"@type":"BreadcrumbList","@id":"https:\/\/ms6.at\/impressum\/#breadcrumb","itemListElement":[{"@type":"ListItem","position":1,"name":"Home","item":"https:\/\/ms6.at\/"},{"@type":"ListItem","position":2,"name":"Impressum"}]},{"@type":"WebSite","@id":"https:\/\/ms6.at\/#website","url":"https:\/\/ms6.at\/","name":"MS6","description":"Travel and Music","publisher":{"@id":"https:\/\/ms6.at\/#organization"},"potentialAction":[{"@type":"SearchAction","target":{"@type":"EntryPoint","urlTemplate":"https:\/\/ms6.at\/?s={search_term_string}"},"query-input":{"@type":"PropertyValueSpecification","valueRequired":true,"valueName":"search_term_string"}}],"inLanguage":"de"},{"@type":"Organization","@id":"https:\/\/ms6.at\/#organization","name":"MS6 Travel & Music","url":"https:\/\/ms6.at\/","logo":{"@type":"ImageObject","inLanguage":"de","@id":"https:\/\/ms6.at\/#\/schema\/logo\/image\/","url":"https:\/\/ms6.at\/wp-content\/uploads\/2018\/05\/MS6-Travel-and-Music-Logo1x.png","contentUrl":"https:\/\/ms6.at\/wp-content\/uploads\/2018\/05\/MS6-Travel-and-Music-Logo1x.png","width":625,"height":275,"caption":"MS6 Travel & Music"},"image":{"@id":"https:\/\/ms6.at\/#\/schema\/logo\/image\/"},"sameAs":["https:\/\/www.facebook.com\/ms6travelandmusic\/","https:\/\/www.youtube.com\/channel\/UCzpuB2hZ_wFoQnu7vIzFGwA"]}]}},"_links":{"self":[{"href":"https:\/\/ms6.at\/de\/wp-json\/wp\/v2\/pages\/23","targetHints":{"allow":["GET"]}}],"collection":[{"href":"https:\/\/ms6.at\/de\/wp-json\/wp\/v2\/pages"}],"about":[{"href":"https:\/\/ms6.at\/de\/wp-json\/wp\/v2\/types\/page"}],"author":[{"embeddable":true,"href":"https:\/\/ms6.at\/de\/wp-json\/wp\/v2\/users\/3"}],"replies":[{"embeddable":true,"href":"https:\/\/ms6.at\/de\/wp-json\/wp\/v2\/comments?post=23"}],"version-history":[{"count":0,"href":"https:\/\/ms6.at\/de\/wp-json\/wp\/v2\/pages\/23\/revisions"}],"wp:attachment":[{"href":"https:\/\/ms6.at\/de\/wp-json\/wp\/v2\/media?parent=23"}],"curies":[{"name":"wp","href":"https:\/\/api.w.org\/{rel}","templated":true}]}}